{"id":2587,"date":"2018-01-16T10:26:51","date_gmt":"2018-01-16T09:26:51","guid":{"rendered":"http:\/\/www.macondo.de\/?post_type=product&#038;p=2587"},"modified":"2018-01-16T10:51:46","modified_gmt":"2018-01-16T09:51:46","slug":"deutschland-2030-wie-koennen-wir-die-sdgs-umsetzen","status":"publish","type":"product","link":"https:\/\/www.macondo.de\/en\/produkt\/deutschland-2030-wie-koennen-wir-die-sdgs-umsetzen\/","title":{"rendered":"Deutschland 2030 \u2013 Wie k\u00f6nnen wir die SDGs umsetzen?"},"content":{"rendered":"<p>Wie leben wir im Jahr 2030? Welche Herausforderungen erwarten uns? Und welche Rolle spielen die nachhaltigen Entwicklungsziele (SDGs) bei deren Bew\u00e4ltigung? Diesen Fragen geht das jetzt bei macondo publishing erschienene Jahrbuch &#8220;Global Compact Deutschland 2017&#8221; nach. Die Publikation stellt m\u00f6gliche Zukunftsszenarien vor und l\u00e4sst zentrale Akteure aus Wirtschaft, Politik, Forschung und Zivilgesellschaft zu Wort kommen. Dar\u00fcber hinaus zeigen 29 deutsche Global Compact-Mitgliedsunternehmen in ihren Good Practice-Beispielen, mit welchen Ma\u00dfnahmen sie dazu beitragen, die SDGs umzusetzen.<\/p>\n<p>Im Gru\u00dfwort zum neuen Jahrbuch Global Compact Deutschland zeichnet UN-Generalsekret\u00e4r Ant\u00f3nio Guterres ein paradoxes Bild unserer heutigen, globalisierten Welt: Wohlstand, weniger Armut und verbesserte Lebensbedingungen auf der einen Seite sowie mehr Ungleichheit und viele, insbesondere junge Menschen, die sich zur\u00fcckgelassen f\u00fchlen, auf der anderen Seite. Um diese Herausforderungen zu bew\u00e4ltigen, brauche es globale Antworten und multilaterale Regierungsformen wie die Agenda 2030 f\u00fcr nachhaltige Entwicklung: &#8220;because the Agenda 2030 is an agenda aiming at a fair globalisation, it&#8217;s an agenda aiming at not leaving anyone behind&#8221;.<\/p>\n<p><strong>Wie erreichen wir ein nachhaltiges Deutschland im Jahr 2030? <\/strong><\/p>\n<p>Die aktuelle Jahrbuch-Ausgabe beleuchtet das Potenzial der Agenda 2030 im Hinblick auf vier Megatrends, die Deutschland in Zukunft pr\u00e4gen werden: demografischer Wandel, Konnektivit\u00e4t, Klimawandel und Lieferketten-Management. So fragt das erste Kapitel &#8220;Vision Deutschland 2030&#8221; etwa danach, auf welche SDGs es im Kontext der jeweiligen Herausforderungen besonders ankommen wird und welche Branchen eine Schl\u00fcsselrolle bei deren Bew\u00e4ltigung einnehmen k\u00f6nnten. Dar\u00fcber hinaus untersucht es, welche konkreten Ma\u00dfnahmen daf\u00fcr erforderlich sind, wie sich Fortschritte messen lassen und welche potenziellen Gefahren einer nachhaltigen Entwicklung im Weg stehen k\u00f6nnten. Eine Stakeholderbefragung, die Jahrbuch-Herausgeber Elmer Lenzen unter Mitarbeitern ausgew\u00e4hlter Unternehmen und Organisationen durchf\u00fchrte, liefert Antworten darauf und stellt m\u00f6gliche Szenarien vor.<\/p>\n<p><strong>Wie sollen die SDGs bezahlt werden?<\/strong><\/p>\n<p>Stefan Brunnhuber, Mitglied im Club of Rome, besch\u00e4ftigt in seinem Beitrag die Frage, wie die SDGs finanziert werden k\u00f6nnen. Es gebe genug wissenschaftliche Erkenntnisse, technologisches Knowhow und politischen Willen, die Ziele zu erreichen. Aber es werde teuer: &#8220;Tats\u00e4chlich wird es etwa f\u00fcnf Billionen US-Dollar pro Jahr \u00fcber die n\u00e4chsten 20 Jahre kosten, sie zu finanzieren&#8221;, so Brunnhuber. Er pl\u00e4diert deshalb f\u00fcr ein paralleles W\u00e4hrungssystem f\u00fcr die SDGs.<\/p>\n<p>Joachim Fetzer aus dem Vorstand des Deutschen Netzwerks Wirtschaftsethik wiederum spricht sich daf\u00fcr aus, &#8220;[m]itten im Prozess nochmals neu \u00fcber Sinn, Geist und Charakter des Ganzen nach[zu]denken&#8221;. Er pl\u00e4diert f\u00fcr einen &#8220;Streit \u00fcber Interpretationen, Priorisierungen und Ma\u00dfnahmen im Umgang&#8221; mit den SDGs und warnt vor einem &#8220;allzu technisch verstandene[n] &#8216;Umsetzen&#8217; und &#8216;Implementieren'&#8221; der Agenda 2030.<\/p>\n<p><strong>Zukunftsforschung als L\u00f6sungsweg? <\/strong><\/p>\n<p>Auch Marion Weissenberger-Eibl ist \u00fcberzeugt, dass Themen wie Digitalisierung, Nachhaltigkeit oder demografischer Wandel hierzulande k\u00fcnftig eine gro\u00dfe Rolle spielen werden. &#8220;Dabei sollten wir nicht vergessen, dass wir auf zuk\u00fcnftige Entwicklungen \u2013 Stichwort Foresight \u2013 Einfluss nehmen und Trends aktiv mitgestalten k\u00f6nnen.&#8221; Was das aus Unternehmenssicht und mit Blick auf die SDGs konkret bedeutet, erl\u00e4utert die Innovationsforscherin im Interview.<\/p>\n<p>Die SDGs und aktuelle Megatrends wie Klimawandel und Ressourcenknappheit standen auch im Mittelpunkt der vergangenen Teilnehmerkonferenz des Deutschen Global Compact Netzwerks, \u00fcber die die aktuelle Jahrbuch-Ausgabe in einem weiteren Schwerpunktkapitel berichtet. Im Rahmen der Veranstaltung rief Graeme Maxton, Generalsekret\u00e4r, Club of Rome, die Teilnehmer zu einem z\u00fcgigen Umdenken auf, um den Folgen des Klimawandels entgegenzuwirken und so \u00f6kologischen und sozialen Katastrophen vorbeugen zu k\u00f6nnen. Seiner Keynote schlo\u00df sich eine Paneldiskussion zu Corporate Foresight an \u2013 aus Sicht der Unternehmen ein zentrales Thema bei der Umsetzung der Agenda 2030.<\/p>\n<p>Ebenfalls zu einem schnellen Umlenken mit Blick auf den weltweiten Ressourcenverbrauch ruft der Schweizer Nachhaltigkeits-Vordenker Mathis Wackernagel auf: &#8220;Ohne unseren Ressourcenhunger radikal und schnell umzulenken, werden wir nicht nur einiges an Biodiversit\u00e4t verlieren, sondern auch schon f\u00fcr heute lebende Generationen die Lebensgrundlagen enorm schw\u00e4chen.&#8221; Sein Pl\u00e4doyer lautet deshalb: &#8220;Wirtschaften mit der Natur und nicht gegen sie sehe ich als einzigen Weg.&#8221; Im Interview erl\u00e4utert der Gr\u00fcnder und Vorsitzende des Global Footprint Networks unter anderem, welche Bedeutung dabei globalen Rahmenvereinbarungen wie dem Pariser Klimaabkommen zukommen.<\/p>\n<p><strong>Gute Beispiele aus der Praxis<\/strong><\/p>\n<p>Im Jahrbuch Global Compact Deutschland 2017 zeigen 29 deutsche Global Compact-Mitgliedsunternehmen mit ihren Projekten, wie sie sich f\u00fcr die Umsetzung der nachhaltigen Entwicklungsziele engagieren \u2013 sei es durch die F\u00f6rderung nachhaltiger Energie und Mobilit\u00e4t, im Bereich Menschenrechte oder als verantwortungsvoller Arbeitgeber. \u00dcber das Global Compact Deutschland 2017 Jahrbuch des deutschen Netzwerkes mit Beitr\u00e4gen u.a. von H.E. Ant\u00f3nio Guterres (Gru\u00dfwort), Elmer Lenzen, Stefan Brunnhuber, Joachim Fetzer, Marion-Weissenberger-Eibl, Mathis Wackernagel sowie 29 deutschen Global Compact-Mitgliedsunternehmen. Hrsg.: macondo publishing Verlag. M\u00fcnster 2017, 132 Seiten, durchgehend farbig, broschiert, FSC-zertifizierter und klimaneutraler Druck, limitierte Auflage.<\/p>\n<p>ISBN-13: 978-3-946284-04-8<\/p>\n<p>Bezugspreis: 15,00 Euro<\/p>\n","protected":false},"excerpt":{"rendered":"<p>Jahrbuch des deutschen Netzwerkes mit Beitr\u00e4gen u.a. von H.E. Ant\u00f3nio Guterres (Gru\u00dfwort), Elmer Lenzen, Stefan Brunnhuber, Joachim Fetzer, Marion-Weissenberger-Eibl, Mathis Wackernagel sowie 29 deutschen Global Compact-Mitgliedsunternehmen. Hrsg.: macondo publishing Verlag. M\u00fcnster 2017, 132 Seiten, durchgehend farbig, broschiert, FSC-zertifizierter und klimaneutraler Druck, limitierte Auflage.<\/p>\n<p>ISBN-13: 978-3-946284-04-8<\/p>\n<p>Bezugspreis: 15,00 Euro<\/p>\n<p>Die E-Paper-Ausgabe finden Sie <a href=\"https:\/\/www.yumpu.com\/de\/document\/view\/59755019\/deutschland-2030-wie-konnen-wir-die-sdgs-umsetzen\">hier<\/a>.<\/p>\n<p>&nbsp;<\/p>\n","protected":false},"featured_media":2588,"comment_status":"closed","ping_status":"closed","template":"","meta":{"_monsterinsights_skip_tracking":false,"_monsterinsights_sitenote_active":false,"_monsterinsights_sitenote_note":"","_monsterinsights_sitenote_category":0},"product_brand":[],"product_cat":[10],"product_tag":[123,122,121,124],"class_list":{"0":"post-2587","1":"product","2":"type-product","3":"status-publish","4":"has-post-thumbnail","6":"product_cat-global-compact-deutschland","7":"product_tag-globalisierung","8":"product_tag-integration","9":"product_tag-migration","10":"product_tag-sdgs","12":"first","13":"instock","14":"taxable","15":"shipping-taxable","16":"purchasable","17":"product-type-simple"},"_links":{"self":[{"href":"https:\/\/www.macondo.de\/en\/wp-json\/wp\/v2\/product\/2587","targetHints":{"allow":["GET"]}}],"collection":[{"href":"https:\/\/www.macondo.de\/en\/wp-json\/wp\/v2\/product"}],"about":[{"href":"https:\/\/www.macondo.de\/en\/wp-json\/wp\/v2\/types\/product"}],"replies":[{"embeddable":true,"href":"https:\/\/www.macondo.de\/en\/wp-json\/wp\/v2\/comments?post=2587"}],"wp:featuredmedia":[{"embeddable":true,"href":"https:\/\/www.macondo.de\/en\/wp-json\/wp\/v2\/media\/2588"}],"wp:attachment":[{"href":"https:\/\/www.macondo.de\/en\/wp-json\/wp\/v2\/media?parent=2587"}],"wp:term":[{"taxonomy":"product_brand","embeddable":true,"href":"https:\/\/www.macondo.de\/en\/wp-json\/wp\/v2\/product_brand?post=2587"},{"taxonomy":"product_cat","embeddable":true,"href":"https:\/\/www.macondo.de\/en\/wp-json\/wp\/v2\/product_cat?post=2587"},{"taxonomy":"product_tag","embeddable":true,"href":"https:\/\/www.macondo.de\/en\/wp-json\/wp\/v2\/product_tag?post=2587"}],"curies":[{"name":"wp","href":"https:\/\/api.w.org\/{rel}","templated":true}]}}