{"id":2673,"date":"2018-05-18T10:34:00","date_gmt":"2018-05-18T09:34:00","guid":{"rendered":"http:\/\/www.macondo.de\/?post_type=product&#038;p=2673"},"modified":"2024-06-05T08:28:00","modified_gmt":"2024-06-05T07:28:00","slug":"so_koennen-wir-nachhaltig-bauen-und-wohnen","status":"publish","type":"product","link":"https:\/\/www.macondo.de\/en\/produkt\/so_koennen-wir-nachhaltig-bauen-und-wohnen\/","title":{"rendered":"So k\u00f6nnen wir nachhaltig bauen und wohnen"},"content":{"rendered":"<p>Die Menschen zieht es in die Stadt. Dort warten Jobs, Ausbildungs- oder Studienpl\u00e4tze. Selbst alte Menschen wollen zunehmend im urbanen Raum leben; der guten Infrastruktur oder dem kulturellen Angebot wegen. \u201eDieser Trend ist global unumkehrbar\u201c, erkl\u00e4rt Dr. Elmer Lenzen, Herausgeber von UmweltDialog. \u201eDeswegen f\u00e4llt unser Blick in dieser Ausgabe vor allem auf das Leben in Metropolen und damit verbunden auf die Frage, was nachhaltiges Wohnen dort ausmacht.\u201c<\/p>\n<div class=\"elementStandard elementPicture elementPicture_var0 elementPictureLeft\">\u00a0Denn immer mehr Menschen k\u00f6nnen sich den Wohnraum in der Stadt nicht leisten. Dort zu leben, bleibt zunehmend Reichen vorbehalten. Der Bau von kleineren Wohnungen und flexible Wohnnutzungskonzepte k\u00f6nnten hier eine L\u00f6sung sein, das Leben in der Stadt bezahlbarer zu machen. Au\u00dferdem erfordern Megatrends wie der demografische Wandel und der Klimawandel ein Umdenken bei der Stadtplanung und beim Bauen.<\/div>\n<div class=\"elementStandard elementContent elementText elementText_var0\">\n<p><strong><abbr>Nachhaltigkeit\u00a0<\/abbr>wird zum Standard<\/strong><\/p>\n<p>\u201eWie wir unseren Wohnraum gestalten, sagt sehr viel dar\u00fcber aus, wie wir in Zukunft leben werden. Wie kann etwa <abbr>Nachhaltigkeit<\/abbr>funktionieren, wenn nicht auch unser Wohn- und Arbeitsumfeld aus \u00f6kologischen Baustoffen besteht?\u201c, sagt Lenzen. Die gute Nachricht: Ressourceneffizienz und Kreislaufwirtschaft wird beim Bauen immer mehr zum Standard. Das gilt nicht nur f\u00fcr das private Umfeld, sondern noch viel mehr f\u00fcr moderne B\u00fcrogeb\u00e4ude.<\/p>\n<\/div>\n<div class=\"elementStandard elementWerbebanner elementWerbebanner_var2 element_medium_rectangle\">\u00a0Der Trend zur <abbr>Nachhaltigkeit<\/abbr>spiegelt sich dar\u00fcber hinaus in einer Wohnkultur wieder, die die Sehnsucht der Menschen nach Heimat, mehr Geborgenheit, Ruhe und W\u00e4rme aufgreift \u2013 die neue Gem\u00fctlichkeit wird das genannt. Dabei spielen nat\u00fcrliche Materialien wie Holz oder Filz eine wichtige Rolle bei der Einrichtung der eigenen vier W\u00e4nde. \u201e\u00dcber unsere Art zu Wohnen definieren wir unsere Art des Privaten. Dabei gibt es starke Tendenzen zur Individualit\u00e4t, aber auch neue Formen von Gemeinschaft\u201c, so Lenzen weiter. Schloss Tempelhof und das Seniorendorf Uhlenbusch zeigen etwa, wie wir das Miteinander im 21. Jahrhundert anders gestalten k\u00f6nnen.<\/div>\n","protected":false},"excerpt":{"rendered":"<p>Explodierende Immobilienpreise in der Stadt und ein immenser Ressourcenverbrauch im Bausektor: L\u00e4ngst ist das Wohnen zu einer sozialen und \u00f6kologischen Frage geworden. Hier sind nachhaltige L\u00f6sungen aus Politik und Wirtschaft gefragt. Aber auch der Einzelne kann seine Art zu Wohnen verantwortungsvoll gestalten. Wie, das zeigt das neue UmweltDialog-Magazin \u201eTrautes Heim, Gl\u00fcck allein? So k\u00f6nnen wir nachhaltig bauen und wohnen\u201c. Die nunmehr neunte UmweltDialog-Ausgabe umfasst 84 Seiten und ist als Online- und Druckversion bei macondo publishing erh\u00e4ltlich.<\/p>\n<p><a href=\"https:\/\/www.yumpu.com\/de\/document\/view\/60232790\/nachhaltig-bauen-themen-trends-und-tipps\">Zum E-Magazin<\/a><\/p>\n<p>&nbsp;<\/p>\n<p>&nbsp;<\/p>\n","protected":false},"featured_media":2674,"comment_status":"closed","ping_status":"closed","template":"","meta":{"_monsterinsights_skip_tracking":false,"_monsterinsights_sitenote_active":false,"_monsterinsights_sitenote_note":"","_monsterinsights_sitenote_category":0},"product_brand":[],"product_cat":[90],"product_tag":[138,137],"class_list":{"0":"post-2673","1":"product","2":"type-product","3":"status-publish","4":"has-post-thumbnail","6":"product_cat-epaper","7":"product_tag-e-magazin","8":"product_tag-e-paper","10":"first","11":"instock","12":"downloadable","13":"taxable","14":"shipping-taxable","15":"purchasable","16":"product-type-simple"},"_links":{"self":[{"href":"https:\/\/www.macondo.de\/en\/wp-json\/wp\/v2\/product\/2673","targetHints":{"allow":["GET"]}}],"collection":[{"href":"https:\/\/www.macondo.de\/en\/wp-json\/wp\/v2\/product"}],"about":[{"href":"https:\/\/www.macondo.de\/en\/wp-json\/wp\/v2\/types\/product"}],"replies":[{"embeddable":true,"href":"https:\/\/www.macondo.de\/en\/wp-json\/wp\/v2\/comments?post=2673"}],"wp:featuredmedia":[{"embeddable":true,"href":"https:\/\/www.macondo.de\/en\/wp-json\/wp\/v2\/media\/2674"}],"wp:attachment":[{"href":"https:\/\/www.macondo.de\/en\/wp-json\/wp\/v2\/media?parent=2673"}],"wp:term":[{"taxonomy":"product_brand","embeddable":true,"href":"https:\/\/www.macondo.de\/en\/wp-json\/wp\/v2\/product_brand?post=2673"},{"taxonomy":"product_cat","embeddable":true,"href":"https:\/\/www.macondo.de\/en\/wp-json\/wp\/v2\/product_cat?post=2673"},{"taxonomy":"product_tag","embeddable":true,"href":"https:\/\/www.macondo.de\/en\/wp-json\/wp\/v2\/product_tag?post=2673"}],"curies":[{"name":"wp","href":"https:\/\/api.w.org\/{rel}","templated":true}]}}