{"id":2796,"date":"2018-11-15T15:46:16","date_gmt":"2018-11-15T14:46:16","guid":{"rendered":"http:\/\/www.macondo.de\/?post_type=product&#038;p=2796"},"modified":"2024-06-05T08:27:04","modified_gmt":"2024-06-05T07:27:04","slug":"warum-unternehmen-menschenrechte-beachten-muessen","status":"publish","type":"product","link":"https:\/\/www.macondo.de\/en\/produkt\/warum-unternehmen-menschenrechte-beachten-muessen\/","title":{"rendered":"Achtung! Warum Unternehmen Menschenrechte beachten m\u00fcssen"},"content":{"rendered":"<p>Bei Menschenrechten geht es um W\u00fcrde und Achtung. Daran haben sich auch Unternehmen und Staaten zu halten. Aber tun sie das auch? Die aktuelle Ausgabe des Wirtschaftsmagazins UmweltDialog lotet auf 84 Seiten die vielen Facetten des hochaktuellen und brisanten Themas Menschenrechte aus.<\/p>\n<p>Unternehmen der Elektronikbranche wird vorgeworfen, in ihren Lieferketten, vor allem etwa in der Region der Gro\u00dfen Seen im Kongo, massive Menschenrechtsverletzungen zuzulassen. Zur gleichen Zeit schuften Fl\u00fcchtlinge auf den Feldern in Spanien und Italien f\u00fcr deutlich weniger als den Mindestlohn, unliebsame Journalisten werden in Konsulaten umgebracht, in Nordafrika gibt es wieder Sklavenm\u00e4rkte und Konzerne machen mit Schurkenstaaten beste Gesch\u00e4fte.<\/p>\n<p>Da stellen sich Fragen: Warum kommt es trotz zunehmender menschenrechtlicher Regulierung zu diesen Verst\u00f6\u00dfen? Wie reagiert die internationale Staatengemeinschaft auf diese Herausforderung? Und schlie\u00dflich: Was sind die konkreten Anforderungen an Unternehmen, um ihre Gesch\u00e4ftst\u00e4tigkeiten inklusive Lieferketten fair und sozial nachhaltig zu gestalten?<\/p>\n<p>Die UmweltDialog-Autorinnen und -Autoren begeben sich in der aktuellen Ausgabe auf Ursachenforschung. Sie gehen der Frage nach, wie zum Beispiel Firmen Nachhaltigkeitsvorgaben in der Lieferkette verankern k\u00f6nnen, ohne dass ihnen Haftung droht. Sie werfen einen Blick nach Brasilien, wo der Abbau von Bauxit Menschen und Umwelt sch\u00e4digt. Und sie berichten aus Uganda, wo Kleinbauern vertrieben werden, damit deutsche Kaffeebarone gute Gesch\u00e4fte machen k\u00f6nnen.<\/p>\n<p>UmweltDialog zeigt aber nicht nur, was falsch l\u00e4uft, sondern auch hoffnungsvolle Beispiele, wie es gerechter gehen kann: Etwa wenn Blockchain Kinderarbeit und Konfliktmineralien auf die Spur kommt oder wenn Aluminium dank strenger Kontrollen in den Bergwerken nachhaltig produziert wird. Das Magazin stellt au\u00dferdem die Arbeit von Mauro Meggiolaro vor, der mit seiner NGO \u201eShareholders for Change\u201c Aktion\u00e4rsversammlungen aufmischt. Exklusiv pr\u00e4sentiert ein Portrait auch Amal und George Clooney, die weit mehr sind als nur ein Glamour-Paar und ihren Ruhm aktiv in den Dienst der Menschenrechte stellen.<\/p>\n","protected":false},"excerpt":{"rendered":"<p>Bei Menschenrechten geht es um W\u00fcrde und Achtung. Daran haben sich auch Unternehmen und Staaten zu halten. Aber tun sie das auch? Die aktuelle Ausgabe des Wirtschaftsmagazins UmweltDialog lotet auf 84 Seiten die vielen Facetten des hochaktuellen und brisanten Themas Menschenrechte aus.<\/p>\n<p><a href=\"https:\/\/www.yumpu.com\/de\/document\/view\/62211656\/achtung-warum-unternehmen-menschenrechte-beachten-mussen\">Zum E-Magazin<\/a><\/p>\n<p>&nbsp;<\/p>\n<p>&nbsp;<\/p>\n","protected":false},"featured_media":2800,"comment_status":"closed","ping_status":"closed","template":"","meta":{"_monsterinsights_skip_tracking":false,"_monsterinsights_sitenote_active":false,"_monsterinsights_sitenote_note":"","_monsterinsights_sitenote_category":0},"product_brand":[],"product_cat":[90],"product_tag":[138,137],"class_list":{"0":"post-2796","1":"product","2":"type-product","3":"status-publish","4":"has-post-thumbnail","6":"product_cat-epaper","7":"product_tag-e-magazin","8":"product_tag-e-paper","10":"first","11":"instock","12":"downloadable","13":"taxable","14":"shipping-taxable","15":"purchasable","16":"product-type-simple"},"_links":{"self":[{"href":"https:\/\/www.macondo.de\/en\/wp-json\/wp\/v2\/product\/2796","targetHints":{"allow":["GET"]}}],"collection":[{"href":"https:\/\/www.macondo.de\/en\/wp-json\/wp\/v2\/product"}],"about":[{"href":"https:\/\/www.macondo.de\/en\/wp-json\/wp\/v2\/types\/product"}],"replies":[{"embeddable":true,"href":"https:\/\/www.macondo.de\/en\/wp-json\/wp\/v2\/comments?post=2796"}],"wp:featuredmedia":[{"embeddable":true,"href":"https:\/\/www.macondo.de\/en\/wp-json\/wp\/v2\/media\/2800"}],"wp:attachment":[{"href":"https:\/\/www.macondo.de\/en\/wp-json\/wp\/v2\/media?parent=2796"}],"wp:term":[{"taxonomy":"product_brand","embeddable":true,"href":"https:\/\/www.macondo.de\/en\/wp-json\/wp\/v2\/product_brand?post=2796"},{"taxonomy":"product_cat","embeddable":true,"href":"https:\/\/www.macondo.de\/en\/wp-json\/wp\/v2\/product_cat?post=2796"},{"taxonomy":"product_tag","embeddable":true,"href":"https:\/\/www.macondo.de\/en\/wp-json\/wp\/v2\/product_tag?post=2796"}],"curies":[{"name":"wp","href":"https:\/\/api.w.org\/{rel}","templated":true}]}}