{"id":3532,"date":"2019-05-15T08:33:32","date_gmt":"2019-05-15T07:33:32","guid":{"rendered":"http:\/\/www.macondo.de\/?post_type=product&#038;p=3532"},"modified":"2024-06-05T08:26:42","modified_gmt":"2024-06-05T07:26:42","slug":"die-greta-frage-wie-haeltst-du-es-mit-dem-klimaschutz","status":"publish","type":"product","link":"https:\/\/www.macondo.de\/en\/produkt\/die-greta-frage-wie-haeltst-du-es-mit-dem-klimaschutz\/","title":{"rendered":"Die Greta-Frage: Wie h\u00e4ltst du es mit dem Klimaschutz?"},"content":{"rendered":"<p>Die Jugendbewegung Fridays4Future schafft das, was diverse UN-Konferenzen zuvor nicht konnten: Die Gesellschaft f\u00fcr den Klimawandel, seine Folgen und Gegenma\u00dfnahmen zu sensibilisieren. Aber wie k\u00f6nnen gute Absichten in tats\u00e4chliches Handeln \u00fcbertragen werden? Darauf gibt das neue UmweltDialog-Magazin \u201eDie Greta-Frage: Wie h\u00e4ltst du es mit dem Klimaschutz?\u201c Antworten. Die aktuelle Ausgabe zeigt au\u00dferdem, welche Schritte zu einer CO2-neutralen Wirtschaft f\u00fchren und welche politischen Instrumente das unterst\u00fctzen. Sie ist ab sofort erh\u00e4ltlich.<\/p>\n<p>Weniger Fleisch essen, Strom sparen oder \u00f6fter mal zu Fu\u00df gehen: Auf den ersten Blick ist jeder bereit, seinen pers\u00f6nlichen CO2-Fu\u00dfabdruck zu reduzieren. Aber wehe, man soll auf etwas verzichten, das einem wirklich am Herzen liegt. Wie auf Fernreisen in exotische L\u00e4nder beispielsweise. Da st\u00f6\u00dft das eigene Engagement schnell an seine Grenzen. Muss sich unsere Klimakommunikation grundlegend \u00e4ndern, sodass sie Menschen zum klimafreundlichen Handeln ermutigt? Soll der Staat hier eingreifen? Widerspricht das dann unserer freiheitlichen Gesellschaft?<\/p>\n<p><strong>Mut f\u00fcr neue Wege <\/strong><\/p>\n<p>Wie wir das Klima sch\u00fctzen k\u00f6nnen, wird aktuell hei\u00df diskutiert. Dabei geben zurzeit B\u00fcrgerschaftsbewegungen wie etwa die Jugendlichen um Fridays4Future den Ton an. Viele Autoren der aktuellen Ausgabe finden diese Entwicklung positiv, reagiert doch die Politik allgemein zu langsam, um den Klimawandel zu begrenzen: \u201eTats\u00e4chlich ist die Welt kompliziert und Zielkonflikte allgegenw\u00e4rtig. Und auch die Sch\u00fclerproteste liefern bisher wenige Antworten auf soziale und \u00f6konomische Folgen der Transformation\u201c, so Dr. Elmer Lenzen, Herausgeber des UmweltDialog-Magazins.<\/p>\n<p>Das hei\u00dft aber nicht, dass dies unm\u00f6glich ist, wie die Beitr\u00e4ge der neuen Ausgabe zeigen: \u201eUnternehmer, Ingenieure, Erfinder und Aktivisten haben viele tolle Ideen und Instrumente. Alleine es fehlt uns der Mut, ausgetretene Pfade zu verlassen\u201c, so Lenzen weiter. Das ist aber notwendig, um die Klimaerw\u00e4rmung auf zwei Grad zu begrenzen. Am wichtigsten wird es hier sein, unsere Stromversorgung, den Verkehr und CO2-intensive Industriezweige zu dekarbonisieren. Wie sinnvoll es ist, diese Transformation durch zus\u00e4tzliche Klimaschutz-Ma\u00dfnahmen wie Wettermanipulationen zu flankieren, m\u00fcssen Forscher weiterhin untersuchen.<\/p>\n<p>&nbsp;<\/p>\n","protected":false},"excerpt":{"rendered":"<p>Die Jugendbewegung Fridays4Future schafft das, was diverse UN-Konferenzen zuvor nicht konnten: Die Gesellschaft f\u00fcr den Klimawandel, seine Folgen und Gegenma\u00dfnahmen zu sensibilisieren. Aber wie k\u00f6nnen gute Absichten in tats\u00e4chliches Handeln \u00fcbertragen werden? Darauf gibt das neue UmweltDialog-Magazin \u201eDie Greta-Frage: Wie h\u00e4ltst du es mit dem Klimaschutz?\u201c Antworten. Die aktuelle Ausgabe zeigt au\u00dferdem, welche Schritte zu einer CO2-neutralen Wirtschaft f\u00fchren und welche politischen Instrumente das unterst\u00fctzen.<\/p>\n<p><strong><a href=\"https:\/\/www.yumpu.com\/de\/document\/view\/62658551\/die-greta-frage-wie-haltst-du-es-mit-dem-klimaschutz\/11-udmagazin-2019-05-02-ebook\">Zum E-Magazin<\/a><\/strong><\/p>\n<p>&nbsp;<\/p>\n<p>&nbsp;<\/p>\n","protected":false},"featured_media":3533,"comment_status":"closed","ping_status":"closed","template":"","meta":{"_monsterinsights_skip_tracking":false,"_monsterinsights_sitenote_active":false,"_monsterinsights_sitenote_note":"","_monsterinsights_sitenote_category":0},"product_brand":[],"product_cat":[90],"product_tag":[138,137],"class_list":{"0":"post-3532","1":"product","2":"type-product","3":"status-publish","4":"has-post-thumbnail","6":"product_cat-epaper","7":"product_tag-e-magazin","8":"product_tag-e-paper","10":"first","11":"instock","12":"downloadable","13":"taxable","14":"shipping-taxable","15":"purchasable","16":"product-type-simple"},"_links":{"self":[{"href":"https:\/\/www.macondo.de\/en\/wp-json\/wp\/v2\/product\/3532","targetHints":{"allow":["GET"]}}],"collection":[{"href":"https:\/\/www.macondo.de\/en\/wp-json\/wp\/v2\/product"}],"about":[{"href":"https:\/\/www.macondo.de\/en\/wp-json\/wp\/v2\/types\/product"}],"replies":[{"embeddable":true,"href":"https:\/\/www.macondo.de\/en\/wp-json\/wp\/v2\/comments?post=3532"}],"wp:featuredmedia":[{"embeddable":true,"href":"https:\/\/www.macondo.de\/en\/wp-json\/wp\/v2\/media\/3533"}],"wp:attachment":[{"href":"https:\/\/www.macondo.de\/en\/wp-json\/wp\/v2\/media?parent=3532"}],"wp:term":[{"taxonomy":"product_brand","embeddable":true,"href":"https:\/\/www.macondo.de\/en\/wp-json\/wp\/v2\/product_brand?post=3532"},{"taxonomy":"product_cat","embeddable":true,"href":"https:\/\/www.macondo.de\/en\/wp-json\/wp\/v2\/product_cat?post=3532"},{"taxonomy":"product_tag","embeddable":true,"href":"https:\/\/www.macondo.de\/en\/wp-json\/wp\/v2\/product_tag?post=3532"}],"curies":[{"name":"wp","href":"https:\/\/api.w.org\/{rel}","templated":true}]}}