{"id":4255,"date":"2019-11-16T13:34:05","date_gmt":"2019-11-16T12:34:05","guid":{"rendered":"http:\/\/www.macondo.de\/?post_type=product&#038;p=4255"},"modified":"2024-06-05T08:26:15","modified_gmt":"2024-06-05T07:26:15","slug":"wasser-management","status":"publish","type":"product","link":"https:\/\/www.macondo.de\/en\/produkt\/wasser-management\/","title":{"rendered":"Wasser &#8211; \u00dcber den nachhaltigen Umgang mit unserer wertvollsten Ressource"},"content":{"rendered":"<p>Eine wachsende Weltbev\u00f6lkerung und ein steigender Bedarf an Konsumg\u00fctern: S\u00fc\u00dfwasser ist eine knappe Ressource, von der wir k\u00fcnftig immer mehr ben\u00f6tigen. Gleichzeitig gef\u00e4hrden D\u00fcrre- und Hochwasserkatastrophen die bestehenden Vorkommen. F\u00fcr Unternehmen sind das keine guten Nachrichten, sind sie doch auf sauberes S\u00fc\u00dfwasser angewiesen, um ihre Produkte herzustellen. Aber wie k\u00f6nnen Unternehmen mit den Wasserrisiken in ihrer Lieferkette umgehen und ihre Gesch\u00e4ftst\u00e4tigkeit absichern?\u00a0Diese und weitere Fragen zum Thema Wasser-Management beantworten wir im aktuellen UmweltDialog-Magazin \u201eUnternehmensrisiko Wasser\u201c.<\/p>\n<p><strong><a href=\"https:\/\/www.yumpu.com\/de\/document\/view\/62923594\/unternehmensrisiko-wasser\">Zum E-Magazin<\/a><\/strong><\/p>\n","protected":false},"excerpt":{"rendered":"<p>Eine wachsende Weltbev\u00f6lkerung und ein steigender Bedarf an Konsumg\u00fctern: S\u00fc\u00dfwasser ist eine knappe Ressource, von der wir k\u00fcnftig immer mehr ben\u00f6tigen. Gleichzeitig gef\u00e4hrden D\u00fcrre- und Hochwasserkatastrophen die bestehenden Vorkommen. F\u00fcr Unternehmen sind das keine guten Nachrichten, sind sie doch auf sauberes S\u00fc\u00dfwasser angewiesen, um ihre Produkte herzustellen. Aber wie k\u00f6nnen Unternehmen mit den Wasserrisiken in [&hellip;]<\/p>\n","protected":false},"featured_media":4278,"comment_status":"closed","ping_status":"closed","template":"","meta":{"_monsterinsights_skip_tracking":false,"_monsterinsights_sitenote_active":false,"_monsterinsights_sitenote_note":"","_monsterinsights_sitenote_category":0},"product_brand":[],"product_cat":[90],"product_tag":[138,459,142,458],"class_list":{"0":"post-4255","1":"product","2":"type-product","3":"status-publish","4":"has-post-thumbnail","6":"product_cat-epaper","7":"product_tag-e-magazin","8":"product_tag-magazin","9":"product_tag-umweltdialog","10":"product_tag-wasser","12":"first","13":"instock","14":"taxable","15":"shipping-taxable","16":"purchasable","17":"product-type-simple"},"_links":{"self":[{"href":"https:\/\/www.macondo.de\/en\/wp-json\/wp\/v2\/product\/4255","targetHints":{"allow":["GET"]}}],"collection":[{"href":"https:\/\/www.macondo.de\/en\/wp-json\/wp\/v2\/product"}],"about":[{"href":"https:\/\/www.macondo.de\/en\/wp-json\/wp\/v2\/types\/product"}],"replies":[{"embeddable":true,"href":"https:\/\/www.macondo.de\/en\/wp-json\/wp\/v2\/comments?post=4255"}],"wp:featuredmedia":[{"embeddable":true,"href":"https:\/\/www.macondo.de\/en\/wp-json\/wp\/v2\/media\/4278"}],"wp:attachment":[{"href":"https:\/\/www.macondo.de\/en\/wp-json\/wp\/v2\/media?parent=4255"}],"wp:term":[{"taxonomy":"product_brand","embeddable":true,"href":"https:\/\/www.macondo.de\/en\/wp-json\/wp\/v2\/product_brand?post=4255"},{"taxonomy":"product_cat","embeddable":true,"href":"https:\/\/www.macondo.de\/en\/wp-json\/wp\/v2\/product_cat?post=4255"},{"taxonomy":"product_tag","embeddable":true,"href":"https:\/\/www.macondo.de\/en\/wp-json\/wp\/v2\/product_tag?post=4255"}],"curies":[{"name":"wp","href":"https:\/\/api.w.org\/{rel}","templated":true}]}}