{"id":4343,"date":"2020-05-14T12:25:23","date_gmt":"2020-05-14T11:25:23","guid":{"rendered":"http:\/\/www.macondo.de\/?post_type=product&#038;p=4343"},"modified":"2024-06-05T08:25:47","modified_gmt":"2024-06-05T07:25:47","slug":"nachhaltigkeit-und-innovation","status":"publish","type":"product","link":"https:\/\/www.macondo.de\/en\/produkt\/nachhaltigkeit-und-innovation\/","title":{"rendered":"Nachhaltigkeit und Innovation \u2013 so kann&#8217;s gehen"},"content":{"rendered":"<p>Gerade in der Krise braucht es Innovationen. Dann w\u00e4ren das aktuell perfekte Zeiten f\u00fcr Erfinder. Die Realit\u00e4t ist nicht ganz so einfach. Vor allem nachhaltige Ideen brauchen als Antrieb eher Vertrauen als Angst. UmweltDialog geht in seinem neuen Magazin (ET 18. Mai 2020) auf 80 Seiten der Frage nach, warum wir Politik, Gesellschaft und Markt neu erfinden m\u00fcssen.<\/p>\n<p>Eine nachhaltige Entwicklung im Einklang mit den planetaren Belastungsgrenzen und dem Zwei-Grad-Ziel von Paris erreichen wir nur, wenn wir a) unseren Konsum einschr\u00e4nken und verzichten lernen oder b) die Art unseres Konsums und unserer Produktionsweisen ver\u00e4ndern. Variante A geht von heute auf morgen. Diese Forderung findet sich \u00fcbrigens meist in saturierten L\u00e4ndern \u2013 sogenannten Wohlstandsgesellschaften.<\/p>\n<p>In anderen Teilen der Welt bedeutet Verzicht die freiwillige Aufgabe von Zukunftschancen. Das wollen wenige. Darum Variante B: Lasst uns \u00fcber Innovationen ein Morgen schaffen, das eben nicht auf Raubbau basiert! Das Problem daran ist, dass es eine Wette auf die Zukunft ist. Die Innovationen sind (noch) nicht da. Man kann sie nicht erzwingen, und darum gibt es auch keine Erfolgsgarantie.<\/p>\n<p>Diese beiden Varianten beschreiben die Lehrmeinungen zur Rolle der Innovation im sozio-\u00f6kologischen Transformationsprozess. Daran hat sich im Kern nichts ge\u00e4ndert, und doch hat sich die Welt in den letzten Monaten ver\u00e4ndert. Die Covid-19-Pandemie \u00fcberlagert die meisten Fragen und schafft selbst viele neue Fragen: Irgendwann geht aber auch diese Krise vorbei. Wollen wir danach zur\u00fcck auf den 17. M\u00e4rz, den Tag des Shutdowns in Deutschland? Oder wollen wir die Zukunft neu denken? Innovationen und nachhaltiges Unternehmertum sind daf\u00fcr gefragt.<\/p>\n<p>In der aktuellen Ausgabe geht Ralf F\u00fccks der Frage nach, wie der Aufbruch in eine \u00f6kologische Moderne aussehen kann. Er ist \u00fcberzeugt: \u201eOhne eine gr\u00fcne industrielle Revolution werden wir den Wettlauf mit dem Klimawandel nicht gewinnen.\u201c<\/p>\n<p>Ulrich Petschow und Helen Sharp empfehlen neue gesellschaftliche Allianzen: Diese k\u00f6nnen eine sozial-\u00f6kologische Transformation vorantreiben. Daf\u00fcr erforderlich ist aber ein Aushandlungsprozess, der Leitideen wie \u201eJust Transition\u201c oder \u201eleave no one behind\u201c gemeinsam konkretisiert.<\/p>\n<p>Eine besondere Rolle kommt dabei Start-ups zu. Das haben auch gro\u00dfe Firmen erkannt und kooperieren immer \u00f6fter mit ihnen. Wenn Start-ups und etablierte Unternehmen zusammenarbeiten, prallen jedoch Welten aufeinander. Experten aber entdecken darin auch M\u00f6glichkeiten.<\/p>\n<p>Die Social Impact Economy wiederum setzt auf den Gedanken des Konsums f\u00fcr eine guten Zweck. Sie ist \u00fcberzeugt: Nachhaltiger Konsum hei\u00dft nicht weniger Konsum, sondern effizienter und bewusster Konsum. Immer mehr Menschen probieren heute aber auch L\u00f6sungsans\u00e4tze im Kleinen aus, die morgen im Gro\u00dfen funktionieren k\u00f6nnen.<\/p>\n<p>Weniger ist dabei oftmals mehr, sagt der Innovations- und Designexperte Elmar Sch\u00fcller im Interview. Er ist \u00fcberzeugt: Wir m\u00fcssen es wieder schaffen, das \u00dcberfl\u00fcssige wegzulassen.<\/p>\n<p><em>UmweltDialog Magazin Nr. 13, Mai 2020<\/em><br \/>\n<em>Innovationen. Warum wir Gesellschaft, Politik und Markt neu erfinden m\u00fcssen.<\/em><br \/>\n<em>84 Seiten, klimaneutral und FSC-zertifiziert hergestellt<\/em><br \/>\n<em>ISSN 2199-1626 (digital)<\/em><br \/>\n<em>ISSN 2367-4113 (Print)<\/em><br \/>\n<em>Preis: EUR 9,00.-<\/em><\/p>\n","protected":false},"excerpt":{"rendered":"<p>Gerade in der Krise braucht es Innovationen. Dann w\u00e4ren das aktuell perfekte Zeiten f\u00fcr Erfinder. Die Realit\u00e4t ist nicht ganz so einfach. Vor allem nachhaltige Ideen brauchen als Antrieb eher Vertrauen als Angst. UmweltDialog geht in seinem neuen Magazin (ET 18. Mai 2020) auf 80 Seiten der Frage nach, warum wir Politik, Gesellschaft und Markt neu erfinden m\u00fcssen.<\/p>\n<p><strong><a href=\"https:\/\/www.yumpu.com\/de\/document\/view\/63376099\/nachhaltigkeit-und-innovation-so-kanns-gehen\">Zum E-Magazin<\/a><\/strong><\/p>\n","protected":false},"featured_media":4344,"comment_status":"closed","ping_status":"closed","template":"","meta":{"_monsterinsights_skip_tracking":false,"_monsterinsights_sitenote_active":false,"_monsterinsights_sitenote_note":"","_monsterinsights_sitenote_category":0},"product_brand":[],"product_cat":[90],"product_tag":[461,138,460,459,462,142],"class_list":{"0":"post-4343","1":"product","2":"type-product","3":"status-publish","4":"has-post-thumbnail","6":"product_cat-epaper","7":"product_tag-covid-19","8":"product_tag-e-magazin","9":"product_tag-innovation","10":"product_tag-magazin","11":"product_tag-startups","12":"product_tag-umweltdialog","14":"first","15":"instock","16":"taxable","17":"shipping-taxable","18":"purchasable","19":"product-type-simple"},"_links":{"self":[{"href":"https:\/\/www.macondo.de\/en\/wp-json\/wp\/v2\/product\/4343","targetHints":{"allow":["GET"]}}],"collection":[{"href":"https:\/\/www.macondo.de\/en\/wp-json\/wp\/v2\/product"}],"about":[{"href":"https:\/\/www.macondo.de\/en\/wp-json\/wp\/v2\/types\/product"}],"replies":[{"embeddable":true,"href":"https:\/\/www.macondo.de\/en\/wp-json\/wp\/v2\/comments?post=4343"}],"wp:featuredmedia":[{"embeddable":true,"href":"https:\/\/www.macondo.de\/en\/wp-json\/wp\/v2\/media\/4344"}],"wp:attachment":[{"href":"https:\/\/www.macondo.de\/en\/wp-json\/wp\/v2\/media?parent=4343"}],"wp:term":[{"taxonomy":"product_brand","embeddable":true,"href":"https:\/\/www.macondo.de\/en\/wp-json\/wp\/v2\/product_brand?post=4343"},{"taxonomy":"product_cat","embeddable":true,"href":"https:\/\/www.macondo.de\/en\/wp-json\/wp\/v2\/product_cat?post=4343"},{"taxonomy":"product_tag","embeddable":true,"href":"https:\/\/www.macondo.de\/en\/wp-json\/wp\/v2\/product_tag?post=4343"}],"curies":[{"name":"wp","href":"https:\/\/api.w.org\/{rel}","templated":true}]}}