{"id":4451,"date":"2020-11-13T15:13:15","date_gmt":"2020-11-13T14:13:15","guid":{"rendered":"http:\/\/www.macondo.de\/?post_type=product&#038;p=4451"},"modified":"2024-06-05T08:24:03","modified_gmt":"2024-06-05T07:24:03","slug":"die-neue-macht-der-moral","status":"publish","type":"product","link":"https:\/\/www.macondo.de\/en\/produkt\/die-neue-macht-der-moral\/","title":{"rendered":"Die neue Macht der Moral"},"content":{"rendered":"<p>Wie vielf\u00e4ltig ist unsere Gesellschaft? Und wie halten wir es mit Ansichten, die uns nicht passen? Und wie steht es um das Verh\u00e4ltnis von Marken und Moral? Die neue Ausgabe des UmweltDialog-Magazins beleuchtet die vielen Facetten des Themas \u201eMoral\u201c.<\/p>\n<p>Moral ist eine der wenigen Dinge, die jeder nur f\u00fcr sich selbst entwickeln kann. Zugleich ist Moral etwas, was wir vor allen Menschen, quer durch alle Kulturkreise erwarten. Galt fr\u00fcher der Grundsatz: Alle Menschen sind gleich, so betonen wir heute das Recht auf Anders-sein und den Schutz fragmentierter Lebensentw\u00fcrfe. Das sorgt regelm\u00e4\u00dfig f\u00fcr Streit. Medien und Marketing tragen dabei erheblich zur Polarisierung bei: Extreme Positionen sind einfach oft spannender und damit berichtenswerter. In der aktuellen Ausgabe des UmweltDialog-Magazins beleuchten wir auf 80 Seiten zahlreiche Aspekte rund um die Frage, warum gerade heute von uns Moral und Glaubw\u00fcrdigkeit eingefordert wird:<\/p>\n<p>Eure Moral, unsere Moral \u2013 unsere Gesellschaft ist in vielen Punkten gespalten. Das zeigt sich vor allem an unseren Moralvorstellungen. Elmer Lenzen schreibt \u00fcber Tipp-Ex-Kultur, die W\u00e4chter des Sagbaren und dar\u00fcber, warum Eindeutigkeit nicht immer richtig ist.<\/p>\n<p>Dominik Enste vom Institut der deutschen Wirtschaft in K\u00f6ln diskutiert mit uns \u00fcber aufgeheizte Debatten rund um Marktwirtschaft und Moral.<\/p>\n<p>Der Lobbyist Cornelius Winter will seine Zunft gerechter bewertet sehen und findet: \u201eJedes Interesse ist legitim, sofern es keine rechtsstaatlichen Grunds\u00e4tze verletzt.\u201c<\/p>\n<p>Die Fridays for Future-Aktivistin Leonie Bremer setzt f\u00fcr bessere Klimapolitik auf die Macht der Stra\u00dfe. Popularit\u00e4t ist f\u00fcr sie aber nur ein Mittel und nicht das Ziel.<\/p>\n<p>Doch in vielen F\u00e4llen wird der Diskussionston rauer: \u201eF\u00fcr manche Moralapostel beginnt die G\u00fcrtellinie bereits am Hals\u201c, warnt Ernst Ferstl. Wir beleuchten das Ph\u00e4nomen Shitstorm, und wie man da wieder rauskommt.<\/p>\n<p>Einer der zentralen Streitpunkte ist Diversit\u00e4t. Viele Firmen machen die Erfahrung: Vielf\u00e4ltige Teams sind innovativ, aber auch anstrengend. Das ist nicht immer die richtige L\u00f6sung, erl\u00e4utern uns zwei Expertinnen aus der Schweiz.<\/p>\n<p>Green Marketing oder Nachhaltigkeitsmarketing ist nicht erst seit Fridays for Future der Megatrend schlechthin. Also: alles auf Gr\u00fcn? Eignet sich deine Marke f\u00fcr Green Marketing? Welche Strategien sind sinnvoll, um glaubw\u00fcrdig zu sein? In unserem Kapitel zu Marketing zeigen wir Tipps und Strategien auf. Dabei kommt auch das Thema Greenwashing nicht zu kurz.<\/p>\n<p>Und schlie\u00dflich widmen wir uns noch zwei Gruppen, \u00fcber die immer nur geschimpft wird: Million\u00e4re und Manager. Dazu besuchen wir das Netzwerk \u201ePecunia\u201c, in dem sich Frauen organisieren, die schwer am Reichtum zu tragen haben, und beleuchten im Artikel \u201eDas Manager-Leben ist kein Boni-Hof\u201c die wachsende Kluft zwischen Manager- und Mitarbeiter-Geh\u00e4ltern. Dabei gibt es hier gute Alternativen zu derzeitigen Verg\u00fctungsmodellen.<\/p>\n","protected":false},"excerpt":{"rendered":"<p>Wie vielf\u00e4ltig ist unsere Gesellschaft? Und wie halten wir es mit Ansichten, die uns nicht passen? Und wie steht es um das Verh\u00e4ltnis von Marken und Moral? Die neue Ausgabe des UmweltDialog-Magazins beleuchtet die vielen Facetten des Themas \u201eMoral\u201c.<\/p>\n<p><strong><a href=\"https:\/\/www.yumpu.com\/de\/document\/read\/64837888\/die-neue-macht-der-moral\">Zum E-Magazin<\/a><\/strong><\/p>\n","protected":false},"featured_media":4452,"comment_status":"closed","ping_status":"closed","template":"","meta":{"_monsterinsights_skip_tracking":false,"_monsterinsights_sitenote_active":false,"_monsterinsights_sitenote_note":"","_monsterinsights_sitenote_category":0},"product_brand":[],"product_cat":[90],"product_tag":[469,471,468,472,467,470],"class_list":{"0":"post-4451","1":"product","2":"type-product","3":"status-publish","4":"has-post-thumbnail","6":"product_cat-epaper","7":"product_tag-dialog","8":"product_tag-greenwashing","9":"product_tag-klima","10":"product_tag-marketing","11":"product_tag-moral","12":"product_tag-politik","14":"first","15":"instock","16":"taxable","17":"shipping-taxable","18":"purchasable","19":"product-type-simple"},"_links":{"self":[{"href":"https:\/\/www.macondo.de\/en\/wp-json\/wp\/v2\/product\/4451","targetHints":{"allow":["GET"]}}],"collection":[{"href":"https:\/\/www.macondo.de\/en\/wp-json\/wp\/v2\/product"}],"about":[{"href":"https:\/\/www.macondo.de\/en\/wp-json\/wp\/v2\/types\/product"}],"replies":[{"embeddable":true,"href":"https:\/\/www.macondo.de\/en\/wp-json\/wp\/v2\/comments?post=4451"}],"wp:featuredmedia":[{"embeddable":true,"href":"https:\/\/www.macondo.de\/en\/wp-json\/wp\/v2\/media\/4452"}],"wp:attachment":[{"href":"https:\/\/www.macondo.de\/en\/wp-json\/wp\/v2\/media?parent=4451"}],"wp:term":[{"taxonomy":"product_brand","embeddable":true,"href":"https:\/\/www.macondo.de\/en\/wp-json\/wp\/v2\/product_brand?post=4451"},{"taxonomy":"product_cat","embeddable":true,"href":"https:\/\/www.macondo.de\/en\/wp-json\/wp\/v2\/product_cat?post=4451"},{"taxonomy":"product_tag","embeddable":true,"href":"https:\/\/www.macondo.de\/en\/wp-json\/wp\/v2\/product_tag?post=4451"}],"curies":[{"name":"wp","href":"https:\/\/api.w.org\/{rel}","templated":true}]}}