{"id":4560,"date":"2021-01-06T15:58:53","date_gmt":"2021-01-06T14:58:53","guid":{"rendered":"http:\/\/www.macondo.de\/?post_type=product&#038;p=4560"},"modified":"2023-12-12T12:52:27","modified_gmt":"2023-12-12T11:52:27","slug":"global-compact-deutschland-2020","status":"publish","type":"product","link":"https:\/\/www.macondo.de\/en\/produkt\/global-compact-deutschland-2020\/","title":{"rendered":"Global Compact Deutschland 2020"},"content":{"rendered":"<p>Als eines der ersten von rund 70 lokalen Netzwerken des UN Global Compact beging das Deutsche Global Compact Netzwerk (DGCN) in diesem Jahr ebenfalls sein 20-j\u00e4hriges Jubil\u00e4um. Marcel Engel, Leiter der Gesch\u00e4ftsstelle des DGCN, gibt sich optimistisch: &#8220;Bemerkenswert ist, dass die Teilnahme im deutschen Netzwerk seit Ausbruch der Coronavirus-Pandemie um \u00fcber 10 Prozent gestiegen ist. Wir hoffen, dies als Zeichen deuten zu k\u00f6nnen, dass das Engagement der Wirtschaft f\u00fcr eine nachhaltige Zukunft auch \u2013 oder gerade \u2013 in diesen herausfordernden Zeiten nicht nachlassen wird. Und dieses Engagement ist dringender denn je.&#8221;<\/p>\n<p>In Anbetracht des langsamen Fortschritts bei der Umsetzung der in der Agenda 2030 enthaltenen Globalen Nachhaltigkeitsziele (SDGs) hatte der UN-Generalsekret\u00e4r Ant\u00f3nio Guterres bereits Ende 2019 die Weltgemeinschaft zu einer \u201eDekade des Handelns\u201c aufgerufen. Dabei richtete er seinen Appell explizit auch an die Wirtschaft, deren Investitions- und Innovationskraft unabdingbar f\u00fcr die Erreichung der 17 SDGs ist. Dies gilt umso mehr in Hinblick auf die gravierenden Auswirkungen der COVID-19-Pandemie, die viele Fortschritte der letzten Jahre, insbesondere in Bezug auf die Verbesserung der Lebensbedingungen benachteiligter Teile der Weltbev\u00f6lkerung, auf einen Schlag zu vernichten droht.<\/p>\n<p>Dabei ist zu betonen, dass der Fokus auf Nachhaltigkeitsthemen in der Wirtschaft keineswegs uneigenn\u00fctzig ist. Das Wirtschaftsumfeld hat sich radikal ge\u00e4ndert. Ob Klimawandel, Menschenrechtsverst\u00f6\u00dfe, planetarische \u00dcbernutzung oder mangelnde Verteilungsgerechtigkeit \u2013 sie alle haben unmittelbare Auswirkungen auf die Wettbewerbsf\u00e4higkeit oder gar Existenz von Unternehmen. Nachhaltigkeit ist schon lange nicht mehr optional, sondern zunehmend Kernbestandteil unternehmerischen Handelns. Sie wird immer mehr zum zentralen Treiber f\u00fcr Effizienz, Resilienz und Innovation und verhilft somit Unternehmen, Risiken zu minimieren, ihre Akzeptanz zu steigern, innovative Produkte zu entwickeln, neue M\u00e4rkte zu erschlie\u00dfen, den Zugang zu Kapital zu sichern sowie talentierte Arbeitskr\u00e4fte zu rekrutieren.<\/p>\n<p><strong>Stimmen<\/strong><\/p>\n<p>&#8220;Die Antwort auf die Globalisierung lautet also globale Verantwortung. Zusammenarbeit auf der Grundlage der globalen Nachhaltigkeitsziele entscheidet \u00fcber unser aller Zukunft: Entsprechend zukunftsweisend erweist sich verantwortungsvolle Unternehmensf\u00fchrung im Sinne des Global Compact. Herzlichen Dank Ihnen allen, die sich daf\u00fcr stark machen.&#8221;<br \/>\n<em>Dr. Angela Merkel, Bundeskanzlerin<\/em><\/p>\n<p>&#8220;Kofi Annan war 1998 Gastredner auf dem World Economic Forum, und er war nicht sehr angetan. Er hat dann ganz klar gesagt, ich gehe da nur noch hin, wenn ich etwas Wichtiges zu sagen haben. Der Job ist auf mich gefallen, etwas Entsprechendes f\u00fcr ihn vorzubereiten.&#8221;<br \/>\n<em>Georg Kell, erster Exekutivdirektor des UN Global Compact (2000-2015)<\/em><\/p>\n<p>&#8220;In den letzten f\u00fcnf Jahren seit der Einf\u00fchrung der Global Goals hat sich die Agenda f\u00fcr nachhaltiges Wirtschaften von einer sehr spezialisierten Agenda hin zu einem Top-Thema des Managements entwickelt.&#8221;<br \/>\n<em>Lise Kingo, Exekutivdirektorin des UN Global Compact (2015-2020)<\/em><\/p>\n<p>&#8220;Wir m\u00fcssen bei Nachhaltigkeitsthemen vorw\u00e4rts kommen, und das sehen alle Seiten ein. Unsere Dialog-Formate k\u00f6nnen hier Br\u00fccken bauen, und das ist eigentlich das, was ich schon immer am DGCN gut finde.&#8221;<br \/>\n<em>Angelika Pohlenz, Beiratsvorsitzende der Stiftung DGCN<\/em><\/p>\n","protected":false},"excerpt":{"rendered":"<p>Vor zwanzig Jahren wurde der Global Compact ins Leben gerufen. Der damalige UN-Generalsekret\u00e4r Kofi Annan forderte, dass Globalisierung f\u00fcr alle gelingen m\u00fcsse. Mit Hilfe von zehn Prinzipien dr\u00e4ngte der Compact auf weltweit gleiche Regeln. Die aktuelle Ausgabe des deutschen Global Compact Jahrbuchs zieht Bilanz, l\u00e4sst wichtige Protagonisten zu Wort kommen und beleuchtet mit vielen Praxisbeispielen die ungebrochene Aktualit\u00e4t der UN-Initiative. Das Jahrbuch umfasst 120 Seiten und ist im Fachhandel und online erh\u00e4ltlich.<\/p>\n<p><a href=\"https:\/\/www.yumpu.com\/de\/document\/read\/65176303\/global-compact-deutschland-2020\">Kostenfreies E-Book lesen<\/a><\/p>\n","protected":false},"featured_media":4561,"comment_status":"closed","ping_status":"closed","template":"","meta":{"_monsterinsights_skip_tracking":false,"_monsterinsights_sitenote_active":false,"_monsterinsights_sitenote_note":"","_monsterinsights_sitenote_category":0},"product_brand":[],"product_cat":[10],"product_tag":[484,485],"class_list":{"0":"post-4560","1":"product","2":"type-product","3":"status-publish","4":"has-post-thumbnail","6":"product_cat-global-compact-deutschland","7":"product_tag-global-compact","8":"product_tag-jubilaeum","10":"first","11":"instock","12":"downloadable","13":"taxable","14":"shipping-taxable","15":"purchasable","16":"product-type-simple"},"_links":{"self":[{"href":"https:\/\/www.macondo.de\/en\/wp-json\/wp\/v2\/product\/4560","targetHints":{"allow":["GET"]}}],"collection":[{"href":"https:\/\/www.macondo.de\/en\/wp-json\/wp\/v2\/product"}],"about":[{"href":"https:\/\/www.macondo.de\/en\/wp-json\/wp\/v2\/types\/product"}],"replies":[{"embeddable":true,"href":"https:\/\/www.macondo.de\/en\/wp-json\/wp\/v2\/comments?post=4560"}],"wp:featuredmedia":[{"embeddable":true,"href":"https:\/\/www.macondo.de\/en\/wp-json\/wp\/v2\/media\/4561"}],"wp:attachment":[{"href":"https:\/\/www.macondo.de\/en\/wp-json\/wp\/v2\/media?parent=4560"}],"wp:term":[{"taxonomy":"product_brand","embeddable":true,"href":"https:\/\/www.macondo.de\/en\/wp-json\/wp\/v2\/product_brand?post=4560"},{"taxonomy":"product_cat","embeddable":true,"href":"https:\/\/www.macondo.de\/en\/wp-json\/wp\/v2\/product_cat?post=4560"},{"taxonomy":"product_tag","embeddable":true,"href":"https:\/\/www.macondo.de\/en\/wp-json\/wp\/v2\/product_tag?post=4560"}],"curies":[{"name":"wp","href":"https:\/\/api.w.org\/{rel}","templated":true}]}}