{"id":4915,"date":"2021-11-12T10:32:16","date_gmt":"2021-11-12T09:32:16","guid":{"rendered":"https:\/\/www.macondo.de\/?post_type=product&#038;p=4915"},"modified":"2023-12-12T12:52:43","modified_gmt":"2023-12-12T11:52:43","slug":"luxus-und-nachhaltigkeit-kein-widerspruch","status":"publish","type":"product","link":"https:\/\/www.macondo.de\/en\/produkt\/luxus-und-nachhaltigkeit-kein-widerspruch\/","title":{"rendered":"Luxus und Nachhaltigkeit &#8211; kein Widerspruch"},"content":{"rendered":"<p>Was ist Luxus? Und kann das \u00fcberhaupt mit Nachhaltigkeit einhergehen? Wenn wir von der deutschen Definition ausgehen, lautet die Antwort eher: Nein. Luxus ist hierzulande kostspieliger, verschwenderisch, \u00fcber das Gebotene hinausgehend und nur (sic!) dem Genuss und Vergn\u00fcgen dienend. Da ist neben Beschreibung auch schon eine Menge Bewertung enthalten. In anderen Kulturkreisen ist man da entspannter: Im Englischen beschreibt es gro\u00dfen Komfort und Eleganz, gleichwohl teuer. Die Spanier sehen es \u00e4hnlich: Es ist das Zurschaustellung von Dingen, in die man viel Geld oder auch viel Zeit investiert hat.<\/p>\n<p>Und wie ist das f\u00fcr Sie pers\u00f6nlich? Luxus kann die kleine S\u00fcnde sein, die man sich als Naschkatze g\u00f6nnt oder ein teures Gem\u00e4lde, auf das man jeden Abend schaut. Es ist nat\u00fcrlich die Rolex oder der Zw\u00f6lfzylinder in der Garage oder es ist das Kleider-Unikat, das aus Stoffresten entstand. Luxus ist es, einen Job zu haben, der einem Spa\u00df macht. Oder eben keine Arbeit im Kopf zu haben und sich Menschen oder Dingen zu widmen, die einem wichtiger sind. Luxus ist am Ende so verschieden und \u00e4hnlich wie wir alle.<\/p>\n<p>In der aktuellen Ausgabe hat die Redaktion deshalb ganz unterschiedliche Menschen gefragt, was sie mit Luxus verbinden. Besonders hervorzuheben ist der Beitrag mit Kate Blanchett, die in der Filmwelt f\u00fcr Glamour steht, sich uns privat aber als sehr bodenst\u00e4ndig und \u201enormal\u201c pr\u00e4sentiert. UmweltDialog geht mit Hilfe von Expert:innen der Frage nachgegangen, wie sich Luxus vom klassischen Statussymbol zu eher immateriellen Werten weiterentwickelt hat. Hierbei spielt Nachhaltigkeit eine wachsende Rolle. Das aktuelle Magazin zeigt, wie neue Formen von Luxus aussehen. Da ist von Second Hand, von vermeintlichem Abfall und immer wieder von ganz viel Handarbeit, Liebe zum Produkt und Achtsamkeit die Rede.<\/p>\n<p>Aber auch die Schattenseiten bleiben nicht unerw\u00e4hnt: Viele Luxus- bzw. hochwertige G\u00fcter sind weiterhin nicht nachhaltig. Schmuck aus sch\u00e4bigen Minen in Afrika zum Beispiel oder auch das Leiden der Wasserb\u00fcffel f\u00fcr die Mozzarella-Herstellung. Und dann macht die aktuelle UmweltDialog-Ausgabe noch mal einen Exkurs zur\u00fcck zur Definition am Anfang: F\u00fcr viele Deutschen ist Luxus dekadent. Deshalb unternimmt unsere Gastautorin eine lesenswerte Reise durch die Geschichte der Dekadenz.<\/p>\n","protected":false},"excerpt":{"rendered":"<p>Luxus und Nachhaltigkeit &#8211; wie passt das zusammen? Steht Luxus nicht f\u00fcr \u00dcberfluss, Dekadenz und Nimmersatt und Nachhaltigkeit f\u00fcr Achtsamkeit und Langlebigkeit. Ja, und gerade diese beiden Perspektiven wachsen gerade zusammen. Das neue UmweltDialog Magazin macht sich auf eine spannende Spurensuche nach nachhaltigem Luxus.<\/p>\n<p>Bestellen Sie die Printausgabe direkt in unserem Magazin oder lesen Sie es als <a href=\"https:\/\/www.yumpu.com\/de\/document\/read\/65975614\/luxus-und-nachhaltigkeit-kein-widerspruch\">E-Book Ausgabe hier<\/a><\/p>\n","protected":false},"featured_media":4916,"comment_status":"closed","ping_status":"closed","template":"","meta":{"_monsterinsights_skip_tracking":false,"_monsterinsights_sitenote_active":false,"_monsterinsights_sitenote_note":"","_monsterinsights_sitenote_category":0},"product_brand":[],"product_cat":[90],"product_tag":[511,514,512,510,489,513],"class_list":{"0":"post-4915","1":"product","2":"type-product","3":"status-publish","4":"has-post-thumbnail","6":"product_cat-epaper","7":"product_tag-achtsamkeit","8":"product_tag-beauty","9":"product_tag-dekadenz","10":"product_tag-luxus","11":"product_tag-nachhaltigkeit","12":"product_tag-second-hand","14":"first","15":"instock","16":"taxable","17":"shipping-taxable","18":"purchasable","19":"product-type-simple"},"_links":{"self":[{"href":"https:\/\/www.macondo.de\/en\/wp-json\/wp\/v2\/product\/4915","targetHints":{"allow":["GET"]}}],"collection":[{"href":"https:\/\/www.macondo.de\/en\/wp-json\/wp\/v2\/product"}],"about":[{"href":"https:\/\/www.macondo.de\/en\/wp-json\/wp\/v2\/types\/product"}],"replies":[{"embeddable":true,"href":"https:\/\/www.macondo.de\/en\/wp-json\/wp\/v2\/comments?post=4915"}],"wp:featuredmedia":[{"embeddable":true,"href":"https:\/\/www.macondo.de\/en\/wp-json\/wp\/v2\/media\/4916"}],"wp:attachment":[{"href":"https:\/\/www.macondo.de\/en\/wp-json\/wp\/v2\/media?parent=4915"}],"wp:term":[{"taxonomy":"product_brand","embeddable":true,"href":"https:\/\/www.macondo.de\/en\/wp-json\/wp\/v2\/product_brand?post=4915"},{"taxonomy":"product_cat","embeddable":true,"href":"https:\/\/www.macondo.de\/en\/wp-json\/wp\/v2\/product_cat?post=4915"},{"taxonomy":"product_tag","embeddable":true,"href":"https:\/\/www.macondo.de\/en\/wp-json\/wp\/v2\/product_tag?post=4915"}],"curies":[{"name":"wp","href":"https:\/\/api.w.org\/{rel}","templated":true}]}}