{"id":6105,"date":"2022-09-13T11:08:54","date_gmt":"2022-09-13T10:08:54","guid":{"rendered":"https:\/\/www.macondo.de\/?post_type=product&#038;p=6105"},"modified":"2023-12-12T12:52:02","modified_gmt":"2023-12-12T11:52:02","slug":"the-sustainable-development-goals-in-a-vuca-world","status":"publish","type":"product","link":"https:\/\/www.macondo.de\/en\/produkt\/the-sustainable-development-goals-in-a-vuca-world\/","title":{"rendered":"The Sustainable Development Goals in a VUCA World"},"content":{"rendered":"<p style=\"font-weight: 400;\"><strong>Global Goals Yearbook 2022 zeigt Nachhaltigkeit in einer ersch\u00fctterten Weltordnung<\/strong><\/p>\n<p style=\"font-weight: 400;\">Die Zukunft ist &#8220;VUCA&#8221; \u2013 volatil, unsicher, komplex und mehrdeutig. Und die Globalisierung ist es auch. Aber was kommt als n\u00e4chstes? Wie sollte das n\u00e4chste Handelssystem aussehen? Und was geschieht mit den UN-Zielen f\u00fcr nachhaltige Entwicklung? Das Global Goals Yearbook 2022 geht der Frage nach, wie die Globalisierung neu justiert und nachhaltig ausgerichtet werden kann.<\/p>\n<p style=\"font-weight: 400;\">In der letztj\u00e4hrigen Ausgabe des Global Goals Yearbook sprach UN-Generalsekret\u00e4r Ant\u00f3nio Guterres vom Beginn des &#8220;Jahrzehnts des Handelns&#8221;. Die 2020er Jahre sollen das Jahrzehnt sein, in dem die nachhaltigen Entwicklungsziele, auch Global Goals genannt, erfolgreich umgesetzt werden. In dem die globale Erw\u00e4rmung begrenzt wird und die Menschenrechte nicht nur eine Erkl\u00e4rung, sondern Realit\u00e4t werden.<\/p>\n<p style=\"font-weight: 400;\">So lautete der Matchplan f\u00fcr die 2020er Jahre. Aber es kam alles anders. Covid-19, Kriege, Inflation und andere Krisen haben das globale Zusammengeh\u00f6rigkeitsgef\u00fchl aufgezehrt. In der aktuellen Ausgabe des Global Goals Yearbook beleuchten die Autoren daher drei zentrale Themen:<\/p>\n<ol>\n<li style=\"font-weight: 400;\">Die Krise der Globalisierung,<\/li>\n<li style=\"font-weight: 400;\">die wachsende Bedeutung von ESG als Risikokriterium und gleichzeitig die immer gr\u00f6\u00dfer werdende Nachfrage nach qualifizierten Arbeitskr\u00e4ften,<\/li>\n<li style=\"font-weight: 400;\">Arbeits- und Menschenrechte in Lieferketten, denn in einer Krise sind es immer die Schw\u00e4chsten, die den h\u00f6chsten Preis zahlen.<\/li>\n<\/ol>\n<p><a href=\"https:\/\/www.yumpu.com\/en\/document\/read\/67214574\/the-sustainable-development-goals-in-a-vuca-world\">Hier<\/a> k\u00f6nnen Sie das Jahrbuch auch als kostenloses e-Book lesen<\/p>\n","protected":false},"excerpt":{"rendered":"<p style=\"font-weight: 400;\">Die Zukunft ist &#8220;VUCA&#8221; \u2013 volatil, unsicher, komplex und mehrdeutig. Und die Globalisierung ist es auch. Aber was kommt als n\u00e4chstes? Wie sollte das n\u00e4chste Handelssystem aussehen? Und was geschieht mit den UN-Zielen f\u00fcr nachhaltige Entwicklung? Das Global Goals Yearbook 2022 geht der Frage nach, wie die Globalisierung neu justiert und nachhaltig ausgerichtet werden kann.<\/p>\n<p><a href=\"https:\/\/www.yumpu.com\/en\/document\/read\/67214574\/the-sustainable-development-goals-in-a-vuca-world\">Kostenloses e-Book<\/a><\/p>\n","protected":false},"featured_media":6106,"comment_status":"closed","ping_status":"closed","template":"","meta":{"_monsterinsights_skip_tracking":false,"_monsterinsights_sitenote_active":false,"_monsterinsights_sitenote_note":"","_monsterinsights_sitenote_category":0},"product_brand":[],"product_cat":[22],"product_tag":[456,123,106],"class_list":{"0":"post-6105","1":"product","2":"type-product","3":"status-publish","4":"has-post-thumbnail","6":"product_cat-global-goals-yearbook","7":"product_tag-global-goals","8":"product_tag-globalisierung","9":"product_tag-sdg","11":"first","12":"instock","13":"downloadable","14":"taxable","15":"shipping-taxable","16":"purchasable","17":"product-type-simple"},"_links":{"self":[{"href":"https:\/\/www.macondo.de\/en\/wp-json\/wp\/v2\/product\/6105","targetHints":{"allow":["GET"]}}],"collection":[{"href":"https:\/\/www.macondo.de\/en\/wp-json\/wp\/v2\/product"}],"about":[{"href":"https:\/\/www.macondo.de\/en\/wp-json\/wp\/v2\/types\/product"}],"replies":[{"embeddable":true,"href":"https:\/\/www.macondo.de\/en\/wp-json\/wp\/v2\/comments?post=6105"}],"wp:featuredmedia":[{"embeddable":true,"href":"https:\/\/www.macondo.de\/en\/wp-json\/wp\/v2\/media\/6106"}],"wp:attachment":[{"href":"https:\/\/www.macondo.de\/en\/wp-json\/wp\/v2\/media?parent=6105"}],"wp:term":[{"taxonomy":"product_brand","embeddable":true,"href":"https:\/\/www.macondo.de\/en\/wp-json\/wp\/v2\/product_brand?post=6105"},{"taxonomy":"product_cat","embeddable":true,"href":"https:\/\/www.macondo.de\/en\/wp-json\/wp\/v2\/product_cat?post=6105"},{"taxonomy":"product_tag","embeddable":true,"href":"https:\/\/www.macondo.de\/en\/wp-json\/wp\/v2\/product_tag?post=6105"}],"curies":[{"name":"wp","href":"https:\/\/api.w.org\/{rel}","templated":true}]}}